{"id":5161,"date":"2025-02-28T16:05:00","date_gmt":"2025-02-28T15:05:00","guid":{"rendered":"https:\/\/kolme.paris\/?post_type=product&#038;p=5161"},"modified":"2026-04-06T19:02:02","modified_gmt":"2026-04-06T18:02:02","slug":"nightflare-skirt-onyx","status":"publish","type":"product","link":"https:\/\/kolme.paris\/en\/shop\/nightflare-skirt-onyx\/","title":{"rendered":"Nightflare Skirt"},"content":{"rendered":"<p><b>Produit<\/b><\/p>\n<p>Jupe longue upcycl\u00e9e. Liser\u00e9 r\u00e9fl\u00e9chissant. Cette jupe est confectionn\u00e9e \u00e0 la pr\u00e9commande dans un atelier fran\u00e7ais.<\/p>\n<p><b>Composition &amp; Soin\u00a0<\/b><\/p>\n<p>85% Polyester \/35% Coton<\/p>\n<p>Lavage en machine \u00e0 30\u00b0. S\u00e9chage \u00e0 l&#8217;air libre.<\/p>\n<p><b>Delivery<\/b><\/p>\n<p>Chaque pi\u00e8ce \u00e9tant fabriqu\u00e9e \u00e0 la commande, le d\u00e9lai maximal d\u2019envoi est de 30 jours \u00e0 partir de la date de commande.<\/p>\n<p><b>Retour <\/b><\/p>\n<p>Retournez votre commande sous 14 jours si l&#8217;article n&#8217;a pas \u00e9t\u00e9 port\u00e9. Si votre commande a \u00e9t\u00e9 fabriqu\u00e9e sur mesure nous ne serons pas en mesure d\u2019\u00e9changer ou de rembourser votre commande.<\/p>\n<p><b>For any questions, please contact us at info@kolme.paris !<\/b><\/p>","protected":false},"excerpt":{"rendered":"<p>Produit Jupe longue upcycl\u00e9e. Liser\u00e9 r\u00e9fl\u00e9chissant. Cette jupe est confectionn\u00e9e \u00e0 la pr\u00e9commande dans un atelier fran\u00e7ais. Composition &amp; Soin\u00a0 85% Polyester \/35% Coton Lavage en machine \u00e0 30\u00b0. S\u00e9chage \u00e0 l&#8217;air libre. Livraison Chaque pi\u00e8ce \u00e9tant fabriqu\u00e9e \u00e0 la commande, le d\u00e9lai maximal d\u2019envoi est de 30 jours \u00e0 partir de la date de [&hellip;]<\/p>","protected":false},"featured_media":5467,"template":"","meta":{"site-sidebar-layout":"default","site-content-layout":"","ast-site-content-layout":"default","site-content-style":"default","site-sidebar-style":"default","ast-global-header-display":"","ast-banner-title-visibility":"","ast-main-header-display":"","ast-hfb-above-header-display":"","ast-hfb-below-header-display":"","ast-hfb-mobile-header-display":"","site-post-title":"","ast-breadcrumbs-content":"","ast-featured-img":"","footer-sml-layout":"","theme-transparent-header-meta":"default","adv-header-id-meta":"","stick-header-meta":"","header-above-stick-meta":"","header-main-stick-meta":"","header-below-stick-meta":"","astra-migrate-meta-layouts":"set","ast-page-background-enabled":"default","ast-page-background-meta":{"desktop":{"background-color":"","background-image":"","background-repeat":"repeat","background-position":"center center","background-size":"auto","background-attachment":"scroll","background-type":"","background-media":"","overlay-type":"","overlay-color":"","overlay-opacity":"","overlay-gradient":""},"tablet":{"background-color":"","background-image":"","background-repeat":"repeat","background-position":"center center","background-size":"auto","background-attachment":"scroll","background-type":"","background-media":"","overlay-type":"","overlay-color":"","overlay-opacity":"","overlay-gradient":""},"mobile":{"background-color":"","background-image":"","background-repeat":"repeat","background-position":"center center","background-size":"auto","background-attachment":"scroll","background-type":"","background-media":"","overlay-type":"","overlay-color":"","overlay-opacity":"","overlay-gradient":""}},"ast-content-background-meta":{"desktop":{"background-color":"var(--ast-global-color-5)","background-image":"","background-repeat":"repeat","background-position":"center center","background-size":"auto","background-attachment":"scroll","background-type":"","background-media":"","overlay-type":"","overlay-color":"","overlay-opacity":"","overlay-gradient":""},"tablet":{"background-color":"var(--ast-global-color-5)","background-image":"","background-repeat":"repeat","background-position":"center center","background-size":"auto","background-attachment":"scroll","background-type":"","background-media":"","overlay-type":"","overlay-color":"","overlay-opacity":"","overlay-gradient":""},"mobile":{"background-color":"var(--ast-global-color-5)","background-image":"","background-repeat":"repeat","background-position":"center center","background-size":"auto","background-attachment":"scroll","background-type":"","background-media":"","overlay-type":"","overlay-color":"","overlay-opacity":"","overlay-gradient":""}}},"product_brand":[],"product_cat":[143],"product_tag":[],"class_list":{"0":"post-5161","1":"product","2":"type-product","3":"status-publish","4":"has-post-thumbnail","6":"product_cat-core-collection","7":"desktop-align-left","8":"tablet-align-left","9":"mobile-align-left","11":"first","12":"instock","13":"shipping-taxable","14":"purchasable","15":"product-type-variable","16":"has-default-attributes","17":"add-to-wishlist-before_add_to_cart"},"yoast_head":"<!-- This site is optimized with the Yoast SEO plugin v22.1 - https:\/\/yoast.com\/wordpress\/plugins\/seo\/ -->\n<title>Nightflare Skirt |<\/title>\n<meta name=\"description\" content=\"Jupe longue upcycl\u00e9e \u00e0 partir de pantalon de travail de seconde main. Liser\u00e9 r\u00e9fl\u00e9chissant. Transform\u00e9e \u00e0 la main \u00e0 Paris.\u00a0\" \/>\n<meta name=\"robots\" content=\"index, follow, max-snippet:-1, max-image-preview:large, max-video-preview:-1\" \/>\n<link rel=\"canonical\" href=\"https:\/\/kolme.paris\/en\/shop\/nightflare-skirt-onyx\/\" \/>\n<meta property=\"og:locale\" content=\"en_US\" \/>\n<meta property=\"og:type\" content=\"article\" \/>\n<meta property=\"og:title\" content=\"Nightflare Skirt |\" \/>\n<meta property=\"og:description\" content=\"Jupe longue upcycl\u00e9e \u00e0 partir de pantalon de travail de seconde main. Liser\u00e9 r\u00e9fl\u00e9chissant. Transform\u00e9e \u00e0 la main \u00e0 Paris.\u00a0\" \/>\n<meta property=\"og:url\" content=\"https:\/\/kolme.paris\/en\/shop\/nightflare-skirt-onyx\/\" \/>\n<meta property=\"article:modified_time\" content=\"2026-04-06T18:02:02+00:00\" \/>\n<meta property=\"og:image\" content=\"https:\/\/kolme.paris\/wp-content\/uploads\/2025\/03\/Kolme-8-scaled.jpg\" \/>\n\t<meta property=\"og:image:width\" content=\"2048\" \/>\n\t<meta property=\"og:image:height\" content=\"2560\" \/>\n\t<meta property=\"og:image:type\" content=\"image\/jpeg\" \/>\n<meta name=\"twitter:card\" content=\"summary_large_image\" \/>\n<meta name=\"twitter:label1\" content=\"Est. reading time\" \/>\n\t<meta name=\"twitter:data1\" content=\"1 minute\" \/>\n<script type=\"application\/ld+json\" class=\"yoast-schema-graph\">{\"@context\":\"https:\/\/schema.org\",\"@graph\":[{\"@type\":\"WebPage\",\"@id\":\"https:\/\/kolme.paris\/shop\/nightflare-skirt-onyx\/\",\"url\":\"https:\/\/kolme.paris\/shop\/nightflare-skirt-onyx\/\",\"name\":\"Nightflare Skirt |\",\"isPartOf\":{\"@id\":\"https:\/\/kolme.paris\/#website\"},\"datePublished\":\"2025-02-28T15:05:00+00:00\",\"dateModified\":\"2026-04-06T18:02:02+00:00\",\"description\":\"Jupe longue upcycl\u00e9e \u00e0 partir de pantalon de travail de seconde main. Liser\u00e9 r\u00e9fl\u00e9chissant. Transform\u00e9e \u00e0 la main \u00e0 Paris.\u00a0\",\"breadcrumb\":{\"@id\":\"https:\/\/kolme.paris\/shop\/nightflare-skirt-onyx\/#breadcrumb\"},\"inLanguage\":\"en-US\",\"potentialAction\":[{\"@type\":\"ReadAction\",\"target\":[\"https:\/\/kolme.paris\/shop\/nightflare-skirt-onyx\/\"]}]},{\"@type\":\"BreadcrumbList\",\"@id\":\"https:\/\/kolme.paris\/shop\/nightflare-skirt-onyx\/#breadcrumb\",\"itemListElement\":[{\"@type\":\"ListItem\",\"position\":1,\"name\":\"Accueil\",\"item\":\"https:\/\/kolme.paris\/\"},{\"@type\":\"ListItem\",\"position\":2,\"name\":\"Shop Kolm\u00e9 Paris\",\"item\":\"https:\/\/kolme.paris\/shop-kolme-paris\/\"},{\"@type\":\"ListItem\",\"position\":3,\"name\":\"Nightflare Skirt\"}]},{\"@type\":\"WebSite\",\"@id\":\"https:\/\/kolme.paris\/#website\",\"url\":\"https:\/\/kolme.paris\/\",\"name\":\"Kolm\u00e9\",\"description\":\"\",\"publisher\":{\"@id\":\"https:\/\/kolme.paris\/#organization\"},\"alternateName\":\"Kolm\u00e9\",\"potentialAction\":[{\"@type\":\"SearchAction\",\"target\":{\"@type\":\"EntryPoint\",\"urlTemplate\":\"https:\/\/kolme.paris\/?s={search_term_string}\"},\"query-input\":\"required name=search_term_string\"}],\"inLanguage\":\"en-US\"},{\"@type\":\"Organization\",\"@id\":\"https:\/\/kolme.paris\/#organization\",\"name\":\"Kolm\u00e9\",\"alternateName\":\"Kolm\u00e9\",\"url\":\"https:\/\/kolme.paris\/\",\"logo\":{\"@type\":\"ImageObject\",\"inLanguage\":\"en-US\",\"@id\":\"https:\/\/kolme.paris\/#\/schema\/logo\/image\/\",\"url\":\"https:\/\/kolme.paris\/wp-content\/uploads\/2021\/04\/Fichier-2kolme-LOGO-scaled.png\",\"contentUrl\":\"https:\/\/kolme.paris\/wp-content\/uploads\/2021\/04\/Fichier-2kolme-LOGO-scaled.png\",\"width\":2560,\"height\":571,\"caption\":\"Kolm\u00e9\"},\"image\":{\"@id\":\"https:\/\/kolme.paris\/#\/schema\/logo\/image\/\"},\"sameAs\":[\"https:\/\/www.instagram.com\/kolme.paris\/\",\"https:\/\/www.linkedin.com\/company\/kolm\u00e9\/\"]}]}<\/script>\n<!-- \/ Yoast SEO plugin. -->","yoast_head_json":{"title":"Nightflare Skirt |","description":"Jupe longue upcycl\u00e9e \u00e0 partir de pantalon de travail de seconde main. Liser\u00e9 r\u00e9fl\u00e9chissant. Transform\u00e9e \u00e0 la main \u00e0 Paris.\u00a0","robots":{"index":"index","follow":"follow","max-snippet":"max-snippet:-1","max-image-preview":"max-image-preview:large","max-video-preview":"max-video-preview:-1"},"canonical":"https:\/\/kolme.paris\/en\/shop\/nightflare-skirt-onyx\/","og_locale":"en_US","og_type":"article","og_title":"Nightflare Skirt |","og_description":"Jupe longue upcycl\u00e9e \u00e0 partir de pantalon de travail de seconde main. Liser\u00e9 r\u00e9fl\u00e9chissant. Transform\u00e9e \u00e0 la main \u00e0 Paris.\u00a0","og_url":"https:\/\/kolme.paris\/en\/shop\/nightflare-skirt-onyx\/","article_modified_time":"2026-04-06T18:02:02+00:00","og_image":[{"width":2048,"height":2560,"url":"https:\/\/kolme.paris\/wp-content\/uploads\/2025\/03\/Kolme-8-scaled.jpg","type":"image\/jpeg"}],"twitter_card":"summary_large_image","twitter_misc":{"Est. reading time":"1 minute"},"schema":{"@context":"https:\/\/schema.org","@graph":[{"@type":"WebPage","@id":"https:\/\/kolme.paris\/shop\/nightflare-skirt-onyx\/","url":"https:\/\/kolme.paris\/shop\/nightflare-skirt-onyx\/","name":"Nightflare Skirt |","isPartOf":{"@id":"https:\/\/kolme.paris\/#website"},"datePublished":"2025-02-28T15:05:00+00:00","dateModified":"2026-04-06T18:02:02+00:00","description":"Jupe longue upcycl\u00e9e \u00e0 partir de pantalon de travail de seconde main. Liser\u00e9 r\u00e9fl\u00e9chissant. Transform\u00e9e \u00e0 la main \u00e0 Paris.\u00a0","breadcrumb":{"@id":"https:\/\/kolme.paris\/shop\/nightflare-skirt-onyx\/#breadcrumb"},"inLanguage":"en-US","potentialAction":[{"@type":"ReadAction","target":["https:\/\/kolme.paris\/shop\/nightflare-skirt-onyx\/"]}]},{"@type":"BreadcrumbList","@id":"https:\/\/kolme.paris\/shop\/nightflare-skirt-onyx\/#breadcrumb","itemListElement":[{"@type":"ListItem","position":1,"name":"Accueil","item":"https:\/\/kolme.paris\/"},{"@type":"ListItem","position":2,"name":"Shop Kolm\u00e9 Paris","item":"https:\/\/kolme.paris\/shop-kolme-paris\/"},{"@type":"ListItem","position":3,"name":"Nightflare Skirt"}]},{"@type":"WebSite","@id":"https:\/\/kolme.paris\/#website","url":"https:\/\/kolme.paris\/","name":"Kolm\u00e9","description":"","publisher":{"@id":"https:\/\/kolme.paris\/#organization"},"alternateName":"Kolm\u00e9","potentialAction":[{"@type":"SearchAction","target":{"@type":"EntryPoint","urlTemplate":"https:\/\/kolme.paris\/?s={search_term_string}"},"query-input":"required name=search_term_string"}],"inLanguage":"en-US"},{"@type":"Organization","@id":"https:\/\/kolme.paris\/#organization","name":"Kolm\u00e9","alternateName":"Kolm\u00e9","url":"https:\/\/kolme.paris\/","logo":{"@type":"ImageObject","inLanguage":"en-US","@id":"https:\/\/kolme.paris\/#\/schema\/logo\/image\/","url":"https:\/\/kolme.paris\/wp-content\/uploads\/2021\/04\/Fichier-2kolme-LOGO-scaled.png","contentUrl":"https:\/\/kolme.paris\/wp-content\/uploads\/2021\/04\/Fichier-2kolme-LOGO-scaled.png","width":2560,"height":571,"caption":"Kolm\u00e9"},"image":{"@id":"https:\/\/kolme.paris\/#\/schema\/logo\/image\/"},"sameAs":["https:\/\/www.instagram.com\/kolme.paris\/","https:\/\/www.linkedin.com\/company\/kolm\u00e9\/"]}]}},"jetpack_sharing_enabled":true,"_links":{"self":[{"href":"https:\/\/kolme.paris\/en\/wp-json\/wp\/v2\/product\/5161","targetHints":{"allow":["GET"]}}],"collection":[{"href":"https:\/\/kolme.paris\/en\/wp-json\/wp\/v2\/product"}],"about":[{"href":"https:\/\/kolme.paris\/en\/wp-json\/wp\/v2\/types\/product"}],"wp:featuredmedia":[{"embeddable":true,"href":"https:\/\/kolme.paris\/en\/wp-json\/wp\/v2\/media\/5467"}],"wp:attachment":[{"href":"https:\/\/kolme.paris\/en\/wp-json\/wp\/v2\/media?parent=5161"}],"wp:term":[{"taxonomy":"product_brand","embeddable":true,"href":"https:\/\/kolme.paris\/en\/wp-json\/wp\/v2\/product_brand?post=5161"},{"taxonomy":"product_cat","embeddable":true,"href":"https:\/\/kolme.paris\/en\/wp-json\/wp\/v2\/product_cat?post=5161"},{"taxonomy":"product_tag","embeddable":true,"href":"https:\/\/kolme.paris\/en\/wp-json\/wp\/v2\/product_tag?post=5161"}],"curies":[{"name":"wp","href":"https:\/\/api.w.org\/{rel}","templated":true}]}}