{"id":3857,"date":"2024-05-14T10:11:32","date_gmt":"2024-05-14T09:11:32","guid":{"rendered":"https:\/\/kolme.paris\/?post_type=product&#038;p=3857"},"modified":"2026-02-19T11:49:20","modified_gmt":"2026-02-19T10:49:20","slug":"top-asymetrique","status":"publish","type":"product","link":"https:\/\/kolme.paris\/en\/shop\/top-asymetrique\/","title":{"rendered":"Asymmetric Top"},"content":{"rendered":"<p>Produit &#8211; Top asym\u00e9trique en jersey r\u00e9alis\u00e9 \u00e0 partir de t-shirts noirs abandonn\u00e9s, transform\u00e9e \u00e0 la main \u00e0 Paris.<\/p>\n<p>taille &#8211; TU<\/p>\n<p>care \u2013 machine Wash at 30\u00b0. Drying in the open air.<\/p>\n<p>delivery \u2013 The maximum time for delivery is one week from the date of order.<\/p>\n<p>retour &#8211; Le produit \u00e9tant sold\u00e9, le retour est impossible.<\/p>\n<p>For any questions, please contact us at info@kolme.paris !<\/p>","protected":false},"excerpt":{"rendered":"<p>Produit &#8211; Top asym\u00e9trique en jersey r\u00e9alis\u00e9 \u00e0 partir de t-shirts noirs abandonn\u00e9s, transform\u00e9e \u00e0 la main \u00e0 Paris. taille &#8211; TU soin &#8211; Lavage en machine \u00e0 30\u00b0. S\u00e9chage \u00e0 l&#8217;air libre. livraison &#8211;\u00a0 Le d\u00e9lai maximal d\u2019envoi est d&#8217;une semaine \u00e0 partir de la date de commande. retour &#8211; Le produit \u00e9tant sold\u00e9, [&hellip;]<\/p>","protected":false},"featured_media":3862,"template":"","meta":{"site-sidebar-layout":"default","site-content-layout":"","ast-site-content-layout":"default","site-content-style":"default","site-sidebar-style":"default","ast-global-header-display":"","ast-banner-title-visibility":"","ast-main-header-display":"","ast-hfb-above-header-display":"","ast-hfb-below-header-display":"","ast-hfb-mobile-header-display":"","site-post-title":"","ast-breadcrumbs-content":"","ast-featured-img":"","footer-sml-layout":"","theme-transparent-header-meta":"default","adv-header-id-meta":"","stick-header-meta":"","header-above-stick-meta":"","header-main-stick-meta":"","header-below-stick-meta":"","astra-migrate-meta-layouts":"set","ast-page-background-enabled":"default","ast-page-background-meta":{"desktop":{"background-color":"","background-image":"","background-repeat":"repeat","background-position":"center center","background-size":"auto","background-attachment":"scroll","background-type":"","background-media":"","overlay-type":"","overlay-color":"","overlay-opacity":"","overlay-gradient":""},"tablet":{"background-color":"","background-image":"","background-repeat":"repeat","background-position":"center center","background-size":"auto","background-attachment":"scroll","background-type":"","background-media":"","overlay-type":"","overlay-color":"","overlay-opacity":"","overlay-gradient":""},"mobile":{"background-color":"","background-image":"","background-repeat":"repeat","background-position":"center center","background-size":"auto","background-attachment":"scroll","background-type":"","background-media":"","overlay-type":"","overlay-color":"","overlay-opacity":"","overlay-gradient":""}},"ast-content-background-meta":{"desktop":{"background-color":"var(--ast-global-color-5)","background-image":"","background-repeat":"repeat","background-position":"center center","background-size":"auto","background-attachment":"scroll","background-type":"","background-media":"","overlay-type":"","overlay-color":"","overlay-opacity":"","overlay-gradient":""},"tablet":{"background-color":"var(--ast-global-color-5)","background-image":"","background-repeat":"repeat","background-position":"center center","background-size":"auto","background-attachment":"scroll","background-type":"","background-media":"","overlay-type":"","overlay-color":"","overlay-opacity":"","overlay-gradient":""},"mobile":{"background-color":"var(--ast-global-color-5)","background-image":"","background-repeat":"repeat","background-position":"center center","background-size":"auto","background-attachment":"scroll","background-type":"","background-media":"","overlay-type":"","overlay-color":"","overlay-opacity":"","overlay-gradient":""}}},"product_brand":[],"product_cat":[130],"product_tag":[],"class_list":{"0":"post-3857","1":"product","2":"type-product","3":"status-publish","4":"has-post-thumbnail","6":"product_cat-outlet","7":"desktop-align-left","8":"tablet-align-left","9":"mobile-align-left","11":"first","12":"instock","13":"sale","14":"shipping-taxable","15":"purchasable","16":"product-type-simple","17":"add-to-wishlist-before_add_to_cart"},"yoast_head":"<!-- This site is optimized with the Yoast SEO plugin v22.1 - https:\/\/yoast.com\/wordpress\/plugins\/seo\/ -->\n<title>Top asym\u00e9trique |<\/title>\n<meta name=\"robots\" content=\"index, follow, max-snippet:-1, max-image-preview:large, max-video-preview:-1\" \/>\n<link rel=\"canonical\" href=\"https:\/\/kolme.paris\/en\/shop\/top-asymetrique\/\" \/>\n<meta property=\"og:locale\" content=\"en_US\" \/>\n<meta property=\"og:type\" content=\"article\" \/>\n<meta property=\"og:title\" content=\"Top asym\u00e9trique |\" \/>\n<meta property=\"og:description\" content=\"Produit &#8211; Top asym\u00e9trique en jersey r\u00e9alis\u00e9 \u00e0 partir de t-shirts noirs abandonn\u00e9s, transform\u00e9e \u00e0 la main \u00e0 Paris. taille &#8211; TU soin &#8211; Lavage en machine \u00e0 30\u00b0. S\u00e9chage \u00e0 l&#8217;air libre. livraison &#8211;\u00a0 Le d\u00e9lai maximal d\u2019envoi est d&#8217;une semaine \u00e0 partir de la date de commande. retour &#8211; Le produit \u00e9tant sold\u00e9, [&hellip;]\" \/>\n<meta property=\"og:url\" content=\"https:\/\/kolme.paris\/en\/shop\/top-asymetrique\/\" \/>\n<meta property=\"article:modified_time\" content=\"2026-02-19T10:49:20+00:00\" \/>\n<meta property=\"og:image\" content=\"https:\/\/kolme.paris\/wp-content\/uploads\/2024\/05\/Copie-de-Photo-type-site-5-718x1024.png\" \/>\n\t<meta property=\"og:image:width\" content=\"718\" \/>\n\t<meta property=\"og:image:height\" content=\"1024\" \/>\n\t<meta property=\"og:image:type\" content=\"image\/png\" \/>\n<meta name=\"twitter:card\" content=\"summary_large_image\" \/>\n<meta name=\"twitter:label1\" content=\"Est. reading time\" \/>\n\t<meta name=\"twitter:data1\" content=\"1 minute\" \/>\n<script type=\"application\/ld+json\" class=\"yoast-schema-graph\">{\"@context\":\"https:\/\/schema.org\",\"@graph\":[{\"@type\":\"WebPage\",\"@id\":\"https:\/\/kolme.paris\/shop\/top-asymetrique\/\",\"url\":\"https:\/\/kolme.paris\/shop\/top-asymetrique\/\",\"name\":\"Top asym\u00e9trique |\",\"isPartOf\":{\"@id\":\"https:\/\/kolme.paris\/#website\"},\"datePublished\":\"2024-05-14T09:11:32+00:00\",\"dateModified\":\"2026-02-19T10:49:20+00:00\",\"breadcrumb\":{\"@id\":\"https:\/\/kolme.paris\/shop\/top-asymetrique\/#breadcrumb\"},\"inLanguage\":\"en-US\",\"potentialAction\":[{\"@type\":\"ReadAction\",\"target\":[\"https:\/\/kolme.paris\/shop\/top-asymetrique\/\"]}]},{\"@type\":\"BreadcrumbList\",\"@id\":\"https:\/\/kolme.paris\/shop\/top-asymetrique\/#breadcrumb\",\"itemListElement\":[{\"@type\":\"ListItem\",\"position\":1,\"name\":\"Accueil\",\"item\":\"https:\/\/kolme.paris\/\"},{\"@type\":\"ListItem\",\"position\":2,\"name\":\"Shop Kolm\u00e9 Paris\",\"item\":\"https:\/\/kolme.paris\/shop-kolme-paris\/\"},{\"@type\":\"ListItem\",\"position\":3,\"name\":\"Top asym\u00e9trique\"}]},{\"@type\":\"WebSite\",\"@id\":\"https:\/\/kolme.paris\/#website\",\"url\":\"https:\/\/kolme.paris\/\",\"name\":\"Kolm\u00e9\",\"description\":\"\",\"publisher\":{\"@id\":\"https:\/\/kolme.paris\/#organization\"},\"alternateName\":\"Kolm\u00e9\",\"potentialAction\":[{\"@type\":\"SearchAction\",\"target\":{\"@type\":\"EntryPoint\",\"urlTemplate\":\"https:\/\/kolme.paris\/?s={search_term_string}\"},\"query-input\":\"required name=search_term_string\"}],\"inLanguage\":\"en-US\"},{\"@type\":\"Organization\",\"@id\":\"https:\/\/kolme.paris\/#organization\",\"name\":\"Kolm\u00e9\",\"alternateName\":\"Kolm\u00e9\",\"url\":\"https:\/\/kolme.paris\/\",\"logo\":{\"@type\":\"ImageObject\",\"inLanguage\":\"en-US\",\"@id\":\"https:\/\/kolme.paris\/#\/schema\/logo\/image\/\",\"url\":\"https:\/\/kolme.paris\/wp-content\/uploads\/2021\/04\/Fichier-2kolme-LOGO-scaled.png\",\"contentUrl\":\"https:\/\/kolme.paris\/wp-content\/uploads\/2021\/04\/Fichier-2kolme-LOGO-scaled.png\",\"width\":2560,\"height\":571,\"caption\":\"Kolm\u00e9\"},\"image\":{\"@id\":\"https:\/\/kolme.paris\/#\/schema\/logo\/image\/\"},\"sameAs\":[\"https:\/\/www.instagram.com\/kolme.paris\/\",\"https:\/\/www.linkedin.com\/company\/kolm\u00e9\/\"]}]}<\/script>\n<!-- \/ Yoast SEO plugin. -->","yoast_head_json":{"title":"Top asym\u00e9trique |","robots":{"index":"index","follow":"follow","max-snippet":"max-snippet:-1","max-image-preview":"max-image-preview:large","max-video-preview":"max-video-preview:-1"},"canonical":"https:\/\/kolme.paris\/en\/shop\/top-asymetrique\/","og_locale":"en_US","og_type":"article","og_title":"Top asym\u00e9trique |","og_description":"Produit &#8211; Top asym\u00e9trique en jersey r\u00e9alis\u00e9 \u00e0 partir de t-shirts noirs abandonn\u00e9s, transform\u00e9e \u00e0 la main \u00e0 Paris. taille &#8211; TU soin &#8211; Lavage en machine \u00e0 30\u00b0. S\u00e9chage \u00e0 l&#8217;air libre. livraison &#8211;\u00a0 Le d\u00e9lai maximal d\u2019envoi est d&#8217;une semaine \u00e0 partir de la date de commande. retour &#8211; Le produit \u00e9tant sold\u00e9, [&hellip;]","og_url":"https:\/\/kolme.paris\/en\/shop\/top-asymetrique\/","article_modified_time":"2026-02-19T10:49:20+00:00","og_image":[{"width":718,"height":1024,"url":"https:\/\/kolme.paris\/wp-content\/uploads\/2024\/05\/Copie-de-Photo-type-site-5-718x1024.png","type":"image\/png"}],"twitter_card":"summary_large_image","twitter_misc":{"Est. reading time":"1 minute"},"schema":{"@context":"https:\/\/schema.org","@graph":[{"@type":"WebPage","@id":"https:\/\/kolme.paris\/shop\/top-asymetrique\/","url":"https:\/\/kolme.paris\/shop\/top-asymetrique\/","name":"Top asym\u00e9trique |","isPartOf":{"@id":"https:\/\/kolme.paris\/#website"},"datePublished":"2024-05-14T09:11:32+00:00","dateModified":"2026-02-19T10:49:20+00:00","breadcrumb":{"@id":"https:\/\/kolme.paris\/shop\/top-asymetrique\/#breadcrumb"},"inLanguage":"en-US","potentialAction":[{"@type":"ReadAction","target":["https:\/\/kolme.paris\/shop\/top-asymetrique\/"]}]},{"@type":"BreadcrumbList","@id":"https:\/\/kolme.paris\/shop\/top-asymetrique\/#breadcrumb","itemListElement":[{"@type":"ListItem","position":1,"name":"Accueil","item":"https:\/\/kolme.paris\/"},{"@type":"ListItem","position":2,"name":"Shop Kolm\u00e9 Paris","item":"https:\/\/kolme.paris\/shop-kolme-paris\/"},{"@type":"ListItem","position":3,"name":"Top asym\u00e9trique"}]},{"@type":"WebSite","@id":"https:\/\/kolme.paris\/#website","url":"https:\/\/kolme.paris\/","name":"Kolm\u00e9","description":"","publisher":{"@id":"https:\/\/kolme.paris\/#organization"},"alternateName":"Kolm\u00e9","potentialAction":[{"@type":"SearchAction","target":{"@type":"EntryPoint","urlTemplate":"https:\/\/kolme.paris\/?s={search_term_string}"},"query-input":"required name=search_term_string"}],"inLanguage":"en-US"},{"@type":"Organization","@id":"https:\/\/kolme.paris\/#organization","name":"Kolm\u00e9","alternateName":"Kolm\u00e9","url":"https:\/\/kolme.paris\/","logo":{"@type":"ImageObject","inLanguage":"en-US","@id":"https:\/\/kolme.paris\/#\/schema\/logo\/image\/","url":"https:\/\/kolme.paris\/wp-content\/uploads\/2021\/04\/Fichier-2kolme-LOGO-scaled.png","contentUrl":"https:\/\/kolme.paris\/wp-content\/uploads\/2021\/04\/Fichier-2kolme-LOGO-scaled.png","width":2560,"height":571,"caption":"Kolm\u00e9"},"image":{"@id":"https:\/\/kolme.paris\/#\/schema\/logo\/image\/"},"sameAs":["https:\/\/www.instagram.com\/kolme.paris\/","https:\/\/www.linkedin.com\/company\/kolm\u00e9\/"]}]}},"jetpack_sharing_enabled":true,"_links":{"self":[{"href":"https:\/\/kolme.paris\/en\/wp-json\/wp\/v2\/product\/3857","targetHints":{"allow":["GET"]}}],"collection":[{"href":"https:\/\/kolme.paris\/en\/wp-json\/wp\/v2\/product"}],"about":[{"href":"https:\/\/kolme.paris\/en\/wp-json\/wp\/v2\/types\/product"}],"wp:featuredmedia":[{"embeddable":true,"href":"https:\/\/kolme.paris\/en\/wp-json\/wp\/v2\/media\/3862"}],"wp:attachment":[{"href":"https:\/\/kolme.paris\/en\/wp-json\/wp\/v2\/media?parent=3857"}],"wp:term":[{"taxonomy":"product_brand","embeddable":true,"href":"https:\/\/kolme.paris\/en\/wp-json\/wp\/v2\/product_brand?post=3857"},{"taxonomy":"product_cat","embeddable":true,"href":"https:\/\/kolme.paris\/en\/wp-json\/wp\/v2\/product_cat?post=3857"},{"taxonomy":"product_tag","embeddable":true,"href":"https:\/\/kolme.paris\/en\/wp-json\/wp\/v2\/product_tag?post=3857"}],"curies":[{"name":"wp","href":"https:\/\/api.w.org\/{rel}","templated":true}]}}