{"id":2985,"date":"2023-06-26T07:36:41","date_gmt":"2023-06-26T06:36:41","guid":{"rendered":"https:\/\/kolme.paris\/?post_type=product&#038;p=2985"},"modified":"2026-02-19T11:51:59","modified_gmt":"2026-02-19T10:51:59","slug":"jupe-portefeuille-blanche","status":"publish","type":"product","link":"https:\/\/kolme.paris\/en\/shop\/jupe-portefeuille-blanche\/","title":{"rendered":"White skirt"},"content":{"rendered":"<p>product - Creation made from a thrifted men's shirt, then hand-transformed in Paris. Wrap skirt. Closure using a sliding belt. Front pocket. White. Unique piece<\/p>\n<p>size \u2013 T1<\/p>\n<p>care \u2013 machine Wash at 30\u00b0. Drying in the open air.<\/p>\n<p>delivery \u2013 The delivery time may vary from 7 days to 15 days depending on the number of orders. The maximum time for delivery is three weeks from the order date.<\/p>\n<p>return \u2013 Every order can be exchanged within 14 days if the item has not been worn. If your order has been made on measurement, we will not be able to exchange or refund your order.<\/p>\n<p>For any questions, please contact us at info@kolme.paris !<\/p>","protected":false},"excerpt":{"rendered":"<p>produit &#8211; Cr\u00e9ation faite \u00e0 partir d&#8217;une chemise d&#8217;homme chin\u00e9 puis transform\u00e9e \u00e0 la main \u00e0 Paris. Jupe portefeuille. Fermeture gr\u00e2ce \u00e0 la ceinture coulissante. Poche frontale. Blanche. Pi\u00e8ce unique taille &#8211; T1 soin &#8211; Lavage en machine \u00e0 30\u00b0. S\u00e9chage \u00e0 l&#8217;air libre. livraison &#8211; Le d\u00e9lai de livraison peut varier de 7 \u00e0 [&hellip;]<\/p>","protected":false},"featured_media":2988,"template":"","meta":{"site-sidebar-layout":"default","site-content-layout":"default","ast-site-content-layout":"default","site-content-style":"default","site-sidebar-style":"default","ast-global-header-display":"","ast-banner-title-visibility":"","ast-main-header-display":"","ast-hfb-above-header-display":"","ast-hfb-below-header-display":"","ast-hfb-mobile-header-display":"","site-post-title":"","ast-breadcrumbs-content":"","ast-featured-img":"","footer-sml-layout":"","theme-transparent-header-meta":"default","adv-header-id-meta":"","stick-header-meta":"","header-above-stick-meta":"","header-main-stick-meta":"","header-below-stick-meta":"","astra-migrate-meta-layouts":"set","ast-page-background-enabled":"default","ast-page-background-meta":{"desktop":{"background-color":"","background-image":"","background-repeat":"repeat","background-position":"center center","background-size":"auto","background-attachment":"scroll","background-type":"","background-media":"","overlay-type":"","overlay-color":"","overlay-opacity":"","overlay-gradient":""},"tablet":{"background-color":"","background-image":"","background-repeat":"repeat","background-position":"center center","background-size":"auto","background-attachment":"scroll","background-type":"","background-media":"","overlay-type":"","overlay-color":"","overlay-opacity":"","overlay-gradient":""},"mobile":{"background-color":"","background-image":"","background-repeat":"repeat","background-position":"center center","background-size":"auto","background-attachment":"scroll","background-type":"","background-media":"","overlay-type":"","overlay-color":"","overlay-opacity":"","overlay-gradient":""}},"ast-content-background-meta":{"desktop":{"background-color":"var(--ast-global-color-5)","background-image":"","background-repeat":"repeat","background-position":"center center","background-size":"auto","background-attachment":"scroll","background-type":"","background-media":"","overlay-type":"","overlay-color":"","overlay-opacity":"","overlay-gradient":""},"tablet":{"background-color":"var(--ast-global-color-5)","background-image":"","background-repeat":"repeat","background-position":"center center","background-size":"auto","background-attachment":"scroll","background-type":"","background-media":"","overlay-type":"","overlay-color":"","overlay-opacity":"","overlay-gradient":""},"mobile":{"background-color":"var(--ast-global-color-5)","background-image":"","background-repeat":"repeat","background-position":"center center","background-size":"auto","background-attachment":"scroll","background-type":"","background-media":"","overlay-type":"","overlay-color":"","overlay-opacity":"","overlay-gradient":""}}},"product_brand":[],"product_cat":[130],"product_tag":[],"class_list":{"0":"post-2985","1":"product","2":"type-product","3":"status-publish","4":"has-post-thumbnail","6":"product_cat-outlet","7":"desktop-align-left","8":"tablet-align-left","9":"mobile-align-left","11":"first","12":"instock","13":"sale","14":"sold-individually","15":"shipping-taxable","16":"purchasable","17":"product-type-simple","18":"add-to-wishlist-before_add_to_cart"},"yoast_head":"<!-- This site is optimized with the Yoast SEO plugin v22.1 - https:\/\/yoast.com\/wordpress\/plugins\/seo\/ -->\n<title>Jupe portefeuille blanche |<\/title>\n<meta name=\"robots\" content=\"index, follow, max-snippet:-1, max-image-preview:large, max-video-preview:-1\" \/>\n<link rel=\"canonical\" href=\"https:\/\/kolme.paris\/en\/shop\/jupe-portefeuille-blanche\/\" \/>\n<meta property=\"og:locale\" content=\"en_US\" \/>\n<meta property=\"og:type\" content=\"article\" \/>\n<meta property=\"og:title\" content=\"Jupe portefeuille blanche |\" \/>\n<meta property=\"og:description\" content=\"produit &#8211; Cr\u00e9ation faite \u00e0 partir d&#8217;une chemise d&#8217;homme chin\u00e9 puis transform\u00e9e \u00e0 la main \u00e0 Paris. Jupe portefeuille. Fermeture gr\u00e2ce \u00e0 la ceinture coulissante. Poche frontale. Blanche. Pi\u00e8ce unique taille &#8211; T1 soin &#8211; Lavage en machine \u00e0 30\u00b0. S\u00e9chage \u00e0 l&#8217;air libre. livraison &#8211; Le d\u00e9lai de livraison peut varier de 7 \u00e0 [&hellip;]\" \/>\n<meta property=\"og:url\" content=\"https:\/\/kolme.paris\/en\/shop\/jupe-portefeuille-blanche\/\" \/>\n<meta property=\"article:modified_time\" content=\"2026-02-19T10:51:59+00:00\" \/>\n<meta property=\"og:image\" content=\"https:\/\/kolme.paris\/wp-content\/uploads\/2023\/06\/Copie-de-Photo-type-site-2023-06-26T082705.247-718x1024.png\" \/>\n\t<meta property=\"og:image:width\" content=\"718\" \/>\n\t<meta property=\"og:image:height\" content=\"1024\" \/>\n\t<meta property=\"og:image:type\" content=\"image\/png\" \/>\n<meta name=\"twitter:card\" content=\"summary_large_image\" \/>\n<meta name=\"twitter:label1\" content=\"Est. reading time\" \/>\n\t<meta name=\"twitter:data1\" content=\"1 minute\" \/>\n<script type=\"application\/ld+json\" class=\"yoast-schema-graph\">{\"@context\":\"https:\/\/schema.org\",\"@graph\":[{\"@type\":\"WebPage\",\"@id\":\"https:\/\/kolme.paris\/shop\/jupe-portefeuille-blanche\/\",\"url\":\"https:\/\/kolme.paris\/shop\/jupe-portefeuille-blanche\/\",\"name\":\"Jupe portefeuille blanche |\",\"isPartOf\":{\"@id\":\"https:\/\/kolme.paris\/#website\"},\"datePublished\":\"2023-06-26T06:36:41+00:00\",\"dateModified\":\"2026-02-19T10:51:59+00:00\",\"breadcrumb\":{\"@id\":\"https:\/\/kolme.paris\/shop\/jupe-portefeuille-blanche\/#breadcrumb\"},\"inLanguage\":\"en-US\",\"potentialAction\":[{\"@type\":\"ReadAction\",\"target\":[\"https:\/\/kolme.paris\/shop\/jupe-portefeuille-blanche\/\"]}]},{\"@type\":\"BreadcrumbList\",\"@id\":\"https:\/\/kolme.paris\/shop\/jupe-portefeuille-blanche\/#breadcrumb\",\"itemListElement\":[{\"@type\":\"ListItem\",\"position\":1,\"name\":\"Accueil\",\"item\":\"https:\/\/kolme.paris\/\"},{\"@type\":\"ListItem\",\"position\":2,\"name\":\"Shop Kolm\u00e9 Paris\",\"item\":\"https:\/\/kolme.paris\/shop-kolme-paris\/\"},{\"@type\":\"ListItem\",\"position\":3,\"name\":\"Jupe portefeuille blanche\"}]},{\"@type\":\"WebSite\",\"@id\":\"https:\/\/kolme.paris\/#website\",\"url\":\"https:\/\/kolme.paris\/\",\"name\":\"Kolm\u00e9\",\"description\":\"\",\"publisher\":{\"@id\":\"https:\/\/kolme.paris\/#organization\"},\"alternateName\":\"Kolm\u00e9\",\"potentialAction\":[{\"@type\":\"SearchAction\",\"target\":{\"@type\":\"EntryPoint\",\"urlTemplate\":\"https:\/\/kolme.paris\/?s={search_term_string}\"},\"query-input\":\"required name=search_term_string\"}],\"inLanguage\":\"en-US\"},{\"@type\":\"Organization\",\"@id\":\"https:\/\/kolme.paris\/#organization\",\"name\":\"Kolm\u00e9\",\"alternateName\":\"Kolm\u00e9\",\"url\":\"https:\/\/kolme.paris\/\",\"logo\":{\"@type\":\"ImageObject\",\"inLanguage\":\"en-US\",\"@id\":\"https:\/\/kolme.paris\/#\/schema\/logo\/image\/\",\"url\":\"https:\/\/kolme.paris\/wp-content\/uploads\/2021\/04\/Fichier-2kolme-LOGO-scaled.png\",\"contentUrl\":\"https:\/\/kolme.paris\/wp-content\/uploads\/2021\/04\/Fichier-2kolme-LOGO-scaled.png\",\"width\":2560,\"height\":571,\"caption\":\"Kolm\u00e9\"},\"image\":{\"@id\":\"https:\/\/kolme.paris\/#\/schema\/logo\/image\/\"},\"sameAs\":[\"https:\/\/www.instagram.com\/kolme.paris\/\",\"https:\/\/www.linkedin.com\/company\/kolm\u00e9\/\"]}]}<\/script>\n<!-- \/ Yoast SEO plugin. -->","yoast_head_json":{"title":"Jupe portefeuille blanche |","robots":{"index":"index","follow":"follow","max-snippet":"max-snippet:-1","max-image-preview":"max-image-preview:large","max-video-preview":"max-video-preview:-1"},"canonical":"https:\/\/kolme.paris\/en\/shop\/jupe-portefeuille-blanche\/","og_locale":"en_US","og_type":"article","og_title":"Jupe portefeuille blanche |","og_description":"produit &#8211; Cr\u00e9ation faite \u00e0 partir d&#8217;une chemise d&#8217;homme chin\u00e9 puis transform\u00e9e \u00e0 la main \u00e0 Paris. Jupe portefeuille. Fermeture gr\u00e2ce \u00e0 la ceinture coulissante. Poche frontale. Blanche. Pi\u00e8ce unique taille &#8211; T1 soin &#8211; Lavage en machine \u00e0 30\u00b0. S\u00e9chage \u00e0 l&#8217;air libre. livraison &#8211; Le d\u00e9lai de livraison peut varier de 7 \u00e0 [&hellip;]","og_url":"https:\/\/kolme.paris\/en\/shop\/jupe-portefeuille-blanche\/","article_modified_time":"2026-02-19T10:51:59+00:00","og_image":[{"width":718,"height":1024,"url":"https:\/\/kolme.paris\/wp-content\/uploads\/2023\/06\/Copie-de-Photo-type-site-2023-06-26T082705.247-718x1024.png","type":"image\/png"}],"twitter_card":"summary_large_image","twitter_misc":{"Est. reading time":"1 minute"},"schema":{"@context":"https:\/\/schema.org","@graph":[{"@type":"WebPage","@id":"https:\/\/kolme.paris\/shop\/jupe-portefeuille-blanche\/","url":"https:\/\/kolme.paris\/shop\/jupe-portefeuille-blanche\/","name":"Jupe portefeuille blanche |","isPartOf":{"@id":"https:\/\/kolme.paris\/#website"},"datePublished":"2023-06-26T06:36:41+00:00","dateModified":"2026-02-19T10:51:59+00:00","breadcrumb":{"@id":"https:\/\/kolme.paris\/shop\/jupe-portefeuille-blanche\/#breadcrumb"},"inLanguage":"en-US","potentialAction":[{"@type":"ReadAction","target":["https:\/\/kolme.paris\/shop\/jupe-portefeuille-blanche\/"]}]},{"@type":"BreadcrumbList","@id":"https:\/\/kolme.paris\/shop\/jupe-portefeuille-blanche\/#breadcrumb","itemListElement":[{"@type":"ListItem","position":1,"name":"Accueil","item":"https:\/\/kolme.paris\/"},{"@type":"ListItem","position":2,"name":"Shop Kolm\u00e9 Paris","item":"https:\/\/kolme.paris\/shop-kolme-paris\/"},{"@type":"ListItem","position":3,"name":"Jupe portefeuille blanche"}]},{"@type":"WebSite","@id":"https:\/\/kolme.paris\/#website","url":"https:\/\/kolme.paris\/","name":"Kolm\u00e9","description":"","publisher":{"@id":"https:\/\/kolme.paris\/#organization"},"alternateName":"Kolm\u00e9","potentialAction":[{"@type":"SearchAction","target":{"@type":"EntryPoint","urlTemplate":"https:\/\/kolme.paris\/?s={search_term_string}"},"query-input":"required name=search_term_string"}],"inLanguage":"en-US"},{"@type":"Organization","@id":"https:\/\/kolme.paris\/#organization","name":"Kolm\u00e9","alternateName":"Kolm\u00e9","url":"https:\/\/kolme.paris\/","logo":{"@type":"ImageObject","inLanguage":"en-US","@id":"https:\/\/kolme.paris\/#\/schema\/logo\/image\/","url":"https:\/\/kolme.paris\/wp-content\/uploads\/2021\/04\/Fichier-2kolme-LOGO-scaled.png","contentUrl":"https:\/\/kolme.paris\/wp-content\/uploads\/2021\/04\/Fichier-2kolme-LOGO-scaled.png","width":2560,"height":571,"caption":"Kolm\u00e9"},"image":{"@id":"https:\/\/kolme.paris\/#\/schema\/logo\/image\/"},"sameAs":["https:\/\/www.instagram.com\/kolme.paris\/","https:\/\/www.linkedin.com\/company\/kolm\u00e9\/"]}]}},"jetpack_sharing_enabled":true,"_links":{"self":[{"href":"https:\/\/kolme.paris\/en\/wp-json\/wp\/v2\/product\/2985","targetHints":{"allow":["GET"]}}],"collection":[{"href":"https:\/\/kolme.paris\/en\/wp-json\/wp\/v2\/product"}],"about":[{"href":"https:\/\/kolme.paris\/en\/wp-json\/wp\/v2\/types\/product"}],"wp:featuredmedia":[{"embeddable":true,"href":"https:\/\/kolme.paris\/en\/wp-json\/wp\/v2\/media\/2988"}],"wp:attachment":[{"href":"https:\/\/kolme.paris\/en\/wp-json\/wp\/v2\/media?parent=2985"}],"wp:term":[{"taxonomy":"product_brand","embeddable":true,"href":"https:\/\/kolme.paris\/en\/wp-json\/wp\/v2\/product_brand?post=2985"},{"taxonomy":"product_cat","embeddable":true,"href":"https:\/\/kolme.paris\/en\/wp-json\/wp\/v2\/product_cat?post=2985"},{"taxonomy":"product_tag","embeddable":true,"href":"https:\/\/kolme.paris\/en\/wp-json\/wp\/v2\/product_tag?post=2985"}],"curies":[{"name":"wp","href":"https:\/\/api.w.org\/{rel}","templated":true}]}}