{"id":2864,"date":"2022-05-19T14:10:06","date_gmt":"2022-05-19T13:10:06","guid":{"rendered":"https:\/\/kolme.paris\/?post_type=product&#038;p=2864"},"modified":"2026-02-19T12:57:35","modified_gmt":"2026-02-19T11:57:35","slug":"t-shirt-noir-kolme","status":"publish","type":"product","link":"https:\/\/kolme.paris\/en\/shop\/t-shirt-noir-kolme\/","title":{"rendered":"Logo tee"},"content":{"rendered":"<p>product \u2013 Black T-shirt, sourced from forgotten stocks. Faded logo<\/p>\n<p>composition \u2013 100% organic cotton.<\/p>\n<p>care \u2013 wash at 40\u00b0.<\/p>\n<p>delivery \u2013 Each piece is made to order, the delivery time can vary from 7 to 15 days, depending on the number of orders. The maximum time for delivery is three weeks from the order date.<\/p>\n<p>return \u2013 Every order can be returned within 14 days if the item has not been worn. If your order has been made on measurement, we will not be able to exchange or refund your order.<\/p>\n<p>For any questions, please contact us at info@kolme.paris !<\/p>","protected":false},"excerpt":{"rendered":"<p>produit &#8211; T-shirt noir, issus de stocks dormants.\u00a0 Logo d\u00e9lav\u00e9. composition &#8211; 100% coton biologique. soin &#8211; lavage \u00e0 40\u00b0. livraison &#8211; Chaque pi\u00e8ce \u00e9tant fabriqu\u00e9e \u00e0 la commande, le d\u00e9lai de livraison peut varier de 7 \u00e0 15 jours en fonction du nombre de commandes. Le d\u00e9lai maximal d\u2019envoi est de trois semaines \u00e0 [&hellip;]<\/p>","protected":false},"featured_media":2865,"template":"","meta":{"site-sidebar-layout":"default","site-content-layout":"default","ast-site-content-layout":"default","site-content-style":"default","site-sidebar-style":"default","ast-global-header-display":"","ast-banner-title-visibility":"","ast-main-header-display":"","ast-hfb-above-header-display":"","ast-hfb-below-header-display":"","ast-hfb-mobile-header-display":"","site-post-title":"","ast-breadcrumbs-content":"","ast-featured-img":"","footer-sml-layout":"","theme-transparent-header-meta":"default","adv-header-id-meta":"","stick-header-meta":"","header-above-stick-meta":"","header-main-stick-meta":"","header-below-stick-meta":"","astra-migrate-meta-layouts":"set","ast-page-background-enabled":"default","ast-page-background-meta":{"desktop":{"background-color":"","background-image":"","background-repeat":"repeat","background-position":"center center","background-size":"auto","background-attachment":"scroll","background-type":"","background-media":"","overlay-type":"","overlay-color":"","overlay-opacity":"","overlay-gradient":""},"tablet":{"background-color":"","background-image":"","background-repeat":"repeat","background-position":"center center","background-size":"auto","background-attachment":"scroll","background-type":"","background-media":"","overlay-type":"","overlay-color":"","overlay-opacity":"","overlay-gradient":""},"mobile":{"background-color":"","background-image":"","background-repeat":"repeat","background-position":"center center","background-size":"auto","background-attachment":"scroll","background-type":"","background-media":"","overlay-type":"","overlay-color":"","overlay-opacity":"","overlay-gradient":""}},"ast-content-background-meta":{"desktop":{"background-color":"var(--ast-global-color-5)","background-image":"","background-repeat":"repeat","background-position":"center center","background-size":"auto","background-attachment":"scroll","background-type":"","background-media":"","overlay-type":"","overlay-color":"","overlay-opacity":"","overlay-gradient":""},"tablet":{"background-color":"var(--ast-global-color-5)","background-image":"","background-repeat":"repeat","background-position":"center center","background-size":"auto","background-attachment":"scroll","background-type":"","background-media":"","overlay-type":"","overlay-color":"","overlay-opacity":"","overlay-gradient":""},"mobile":{"background-color":"var(--ast-global-color-5)","background-image":"","background-repeat":"repeat","background-position":"center center","background-size":"auto","background-attachment":"scroll","background-type":"","background-media":"","overlay-type":"","overlay-color":"","overlay-opacity":"","overlay-gradient":""}}},"product_brand":[],"product_cat":[130],"product_tag":[],"class_list":{"0":"post-2864","1":"product","2":"type-product","3":"status-publish","4":"has-post-thumbnail","6":"product_cat-outlet","7":"desktop-align-left","8":"tablet-align-left","9":"mobile-align-left","11":"first","12":"instock","13":"sale","14":"shipping-taxable","15":"purchasable","16":"product-type-variable","17":"has-default-attributes","18":"add-to-wishlist-before_add_to_cart"},"yoast_head":"<!-- This site is optimized with the Yoast SEO plugin v22.1 - https:\/\/yoast.com\/wordpress\/plugins\/seo\/ -->\n<title>Logo tee |<\/title>\n<meta name=\"robots\" content=\"index, follow, max-snippet:-1, max-image-preview:large, max-video-preview:-1\" \/>\n<link rel=\"canonical\" href=\"https:\/\/kolme.paris\/en\/shop\/t-shirt-noir-kolme\/\" \/>\n<meta property=\"og:locale\" content=\"en_US\" \/>\n<meta property=\"og:type\" content=\"article\" \/>\n<meta property=\"og:title\" content=\"Logo tee |\" \/>\n<meta property=\"og:description\" content=\"produit &#8211; T-shirt noir, issus de stocks dormants.\u00a0 Logo d\u00e9lav\u00e9. composition &#8211; 100% coton biologique. soin &#8211; lavage \u00e0 40\u00b0. livraison &#8211; Chaque pi\u00e8ce \u00e9tant fabriqu\u00e9e \u00e0 la commande, le d\u00e9lai de livraison peut varier de 7 \u00e0 15 jours en fonction du nombre de commandes. Le d\u00e9lai maximal d\u2019envoi est de trois semaines \u00e0 [&hellip;]\" \/>\n<meta property=\"og:url\" content=\"https:\/\/kolme.paris\/en\/shop\/t-shirt-noir-kolme\/\" \/>\n<meta property=\"article:modified_time\" content=\"2026-02-19T11:57:35+00:00\" \/>\n<meta property=\"og:image\" content=\"https:\/\/kolme.paris\/wp-content\/uploads\/2023\/05\/Copie-de-Photo-type-site-76-1-718x1024.png\" \/>\n\t<meta property=\"og:image:width\" content=\"718\" \/>\n\t<meta property=\"og:image:height\" content=\"1024\" \/>\n\t<meta property=\"og:image:type\" content=\"image\/png\" \/>\n<meta name=\"twitter:card\" content=\"summary_large_image\" \/>\n<meta name=\"twitter:label1\" content=\"Est. reading time\" \/>\n\t<meta name=\"twitter:data1\" content=\"1 minute\" \/>\n<script type=\"application\/ld+json\" class=\"yoast-schema-graph\">{\"@context\":\"https:\/\/schema.org\",\"@graph\":[{\"@type\":\"WebPage\",\"@id\":\"https:\/\/kolme.paris\/shop\/t-shirt-noir-kolme\/\",\"url\":\"https:\/\/kolme.paris\/shop\/t-shirt-noir-kolme\/\",\"name\":\"Logo tee |\",\"isPartOf\":{\"@id\":\"https:\/\/kolme.paris\/#website\"},\"datePublished\":\"2022-05-19T13:10:06+00:00\",\"dateModified\":\"2026-02-19T11:57:35+00:00\",\"breadcrumb\":{\"@id\":\"https:\/\/kolme.paris\/shop\/t-shirt-noir-kolme\/#breadcrumb\"},\"inLanguage\":\"en-US\",\"potentialAction\":[{\"@type\":\"ReadAction\",\"target\":[\"https:\/\/kolme.paris\/shop\/t-shirt-noir-kolme\/\"]}]},{\"@type\":\"BreadcrumbList\",\"@id\":\"https:\/\/kolme.paris\/shop\/t-shirt-noir-kolme\/#breadcrumb\",\"itemListElement\":[{\"@type\":\"ListItem\",\"position\":1,\"name\":\"Accueil\",\"item\":\"https:\/\/kolme.paris\/\"},{\"@type\":\"ListItem\",\"position\":2,\"name\":\"Shop Kolm\u00e9 Paris\",\"item\":\"https:\/\/kolme.paris\/shop-kolme-paris\/\"},{\"@type\":\"ListItem\",\"position\":3,\"name\":\"Logo tee\"}]},{\"@type\":\"WebSite\",\"@id\":\"https:\/\/kolme.paris\/#website\",\"url\":\"https:\/\/kolme.paris\/\",\"name\":\"Kolm\u00e9\",\"description\":\"\",\"publisher\":{\"@id\":\"https:\/\/kolme.paris\/#organization\"},\"alternateName\":\"Kolm\u00e9\",\"potentialAction\":[{\"@type\":\"SearchAction\",\"target\":{\"@type\":\"EntryPoint\",\"urlTemplate\":\"https:\/\/kolme.paris\/?s={search_term_string}\"},\"query-input\":\"required name=search_term_string\"}],\"inLanguage\":\"en-US\"},{\"@type\":\"Organization\",\"@id\":\"https:\/\/kolme.paris\/#organization\",\"name\":\"Kolm\u00e9\",\"alternateName\":\"Kolm\u00e9\",\"url\":\"https:\/\/kolme.paris\/\",\"logo\":{\"@type\":\"ImageObject\",\"inLanguage\":\"en-US\",\"@id\":\"https:\/\/kolme.paris\/#\/schema\/logo\/image\/\",\"url\":\"https:\/\/kolme.paris\/wp-content\/uploads\/2021\/04\/Fichier-2kolme-LOGO-scaled.png\",\"contentUrl\":\"https:\/\/kolme.paris\/wp-content\/uploads\/2021\/04\/Fichier-2kolme-LOGO-scaled.png\",\"width\":2560,\"height\":571,\"caption\":\"Kolm\u00e9\"},\"image\":{\"@id\":\"https:\/\/kolme.paris\/#\/schema\/logo\/image\/\"},\"sameAs\":[\"https:\/\/www.instagram.com\/kolme.paris\/\",\"https:\/\/www.linkedin.com\/company\/kolm\u00e9\/\"]}]}<\/script>\n<!-- \/ Yoast SEO plugin. -->","yoast_head_json":{"title":"Logo tee |","robots":{"index":"index","follow":"follow","max-snippet":"max-snippet:-1","max-image-preview":"max-image-preview:large","max-video-preview":"max-video-preview:-1"},"canonical":"https:\/\/kolme.paris\/en\/shop\/t-shirt-noir-kolme\/","og_locale":"en_US","og_type":"article","og_title":"Logo tee |","og_description":"produit &#8211; T-shirt noir, issus de stocks dormants.\u00a0 Logo d\u00e9lav\u00e9. composition &#8211; 100% coton biologique. soin &#8211; lavage \u00e0 40\u00b0. livraison &#8211; Chaque pi\u00e8ce \u00e9tant fabriqu\u00e9e \u00e0 la commande, le d\u00e9lai de livraison peut varier de 7 \u00e0 15 jours en fonction du nombre de commandes. Le d\u00e9lai maximal d\u2019envoi est de trois semaines \u00e0 [&hellip;]","og_url":"https:\/\/kolme.paris\/en\/shop\/t-shirt-noir-kolme\/","article_modified_time":"2026-02-19T11:57:35+00:00","og_image":[{"width":718,"height":1024,"url":"https:\/\/kolme.paris\/wp-content\/uploads\/2023\/05\/Copie-de-Photo-type-site-76-1-718x1024.png","type":"image\/png"}],"twitter_card":"summary_large_image","twitter_misc":{"Est. reading time":"1 minute"},"schema":{"@context":"https:\/\/schema.org","@graph":[{"@type":"WebPage","@id":"https:\/\/kolme.paris\/shop\/t-shirt-noir-kolme\/","url":"https:\/\/kolme.paris\/shop\/t-shirt-noir-kolme\/","name":"Logo tee |","isPartOf":{"@id":"https:\/\/kolme.paris\/#website"},"datePublished":"2022-05-19T13:10:06+00:00","dateModified":"2026-02-19T11:57:35+00:00","breadcrumb":{"@id":"https:\/\/kolme.paris\/shop\/t-shirt-noir-kolme\/#breadcrumb"},"inLanguage":"en-US","potentialAction":[{"@type":"ReadAction","target":["https:\/\/kolme.paris\/shop\/t-shirt-noir-kolme\/"]}]},{"@type":"BreadcrumbList","@id":"https:\/\/kolme.paris\/shop\/t-shirt-noir-kolme\/#breadcrumb","itemListElement":[{"@type":"ListItem","position":1,"name":"Accueil","item":"https:\/\/kolme.paris\/"},{"@type":"ListItem","position":2,"name":"Shop Kolm\u00e9 Paris","item":"https:\/\/kolme.paris\/shop-kolme-paris\/"},{"@type":"ListItem","position":3,"name":"Logo tee"}]},{"@type":"WebSite","@id":"https:\/\/kolme.paris\/#website","url":"https:\/\/kolme.paris\/","name":"Kolm\u00e9","description":"","publisher":{"@id":"https:\/\/kolme.paris\/#organization"},"alternateName":"Kolm\u00e9","potentialAction":[{"@type":"SearchAction","target":{"@type":"EntryPoint","urlTemplate":"https:\/\/kolme.paris\/?s={search_term_string}"},"query-input":"required name=search_term_string"}],"inLanguage":"en-US"},{"@type":"Organization","@id":"https:\/\/kolme.paris\/#organization","name":"Kolm\u00e9","alternateName":"Kolm\u00e9","url":"https:\/\/kolme.paris\/","logo":{"@type":"ImageObject","inLanguage":"en-US","@id":"https:\/\/kolme.paris\/#\/schema\/logo\/image\/","url":"https:\/\/kolme.paris\/wp-content\/uploads\/2021\/04\/Fichier-2kolme-LOGO-scaled.png","contentUrl":"https:\/\/kolme.paris\/wp-content\/uploads\/2021\/04\/Fichier-2kolme-LOGO-scaled.png","width":2560,"height":571,"caption":"Kolm\u00e9"},"image":{"@id":"https:\/\/kolme.paris\/#\/schema\/logo\/image\/"},"sameAs":["https:\/\/www.instagram.com\/kolme.paris\/","https:\/\/www.linkedin.com\/company\/kolm\u00e9\/"]}]}},"jetpack_sharing_enabled":true,"_links":{"self":[{"href":"https:\/\/kolme.paris\/en\/wp-json\/wp\/v2\/product\/2864","targetHints":{"allow":["GET"]}}],"collection":[{"href":"https:\/\/kolme.paris\/en\/wp-json\/wp\/v2\/product"}],"about":[{"href":"https:\/\/kolme.paris\/en\/wp-json\/wp\/v2\/types\/product"}],"wp:featuredmedia":[{"embeddable":true,"href":"https:\/\/kolme.paris\/en\/wp-json\/wp\/v2\/media\/2865"}],"wp:attachment":[{"href":"https:\/\/kolme.paris\/en\/wp-json\/wp\/v2\/media?parent=2864"}],"wp:term":[{"taxonomy":"product_brand","embeddable":true,"href":"https:\/\/kolme.paris\/en\/wp-json\/wp\/v2\/product_brand?post=2864"},{"taxonomy":"product_cat","embeddable":true,"href":"https:\/\/kolme.paris\/en\/wp-json\/wp\/v2\/product_cat?post=2864"},{"taxonomy":"product_tag","embeddable":true,"href":"https:\/\/kolme.paris\/en\/wp-json\/wp\/v2\/product_tag?post=2864"}],"curies":[{"name":"wp","href":"https:\/\/api.w.org\/{rel}","templated":true}]}}