{"id":2993,"date":"2023-07-08T11:12:59","date_gmt":"2023-07-08T10:12:59","guid":{"rendered":"https:\/\/kolme.paris\/?page_id=2993"},"modified":"2025-03-04T14:46:46","modified_gmt":"2025-03-04T13:46:46","slug":"a-propos","status":"publish","type":"page","link":"https:\/\/kolme.paris\/en\/a-propos\/","title":{"rendered":"A PROPOS"},"content":{"rendered":"<div data-elementor-type=\"wp-page\" data-elementor-id=\"2993\" class=\"elementor elementor-2993\" data-elementor-post-type=\"page\">\n\t\t\t\t<div class=\"elementor-element elementor-element-75c63c7 e-flex e-con-boxed e-con e-parent\" data-id=\"75c63c7\" data-element_type=\"container\">\n\t\t\t\t\t<div class=\"e-con-inner\">\n\t\t<div class=\"elementor-element elementor-element-1597d37 e-con-full elementor-hidden-mobile e-flex e-con e-child\" data-id=\"1597d37\" data-element_type=\"container\" data-settings=\"{&quot;background_background&quot;:&quot;classic&quot;}\">\n\t\t\t\t<\/div>\n\t\t<div class=\"elementor-element elementor-element-76504c4 e-con-full e-flex e-con e-child\" data-id=\"76504c4\" data-element_type=\"container\">\n\t\t\t\t<div class=\"elementor-element elementor-element-45c303d elementor-widget-tablet__width-initial elementor-widget__width-initial elementor-widget elementor-widget-text-editor\" data-id=\"45c303d\" data-element_type=\"widget\" data-widget_type=\"text-editor.default\">\n\t\t\t\t<div class=\"elementor-widget-container\">\n\t\t\t\t\t\t\t\t\t<p><strong>Kolm\u00e9<\/strong> est l\u2019interm\u00e9diaire entre le pass\u00e9 et le futur du v\u00eatement. Nous construisons une mode novatrice o\u00f9 l\u2019humain et l\u2019environnement peuvent cohabiter, en utilisant des techniques \u00e0 la fois innovantes et artisanales.<\/p><p>Toutes nos cr\u00e9ations sont confectionn\u00e9es <em>\u00e0 la main, \u00e0 partir d\u2019uniformes d\u00e9fectueux.<\/em> Nous les transformons int\u00e9gralement pour qu\u2019ils puissent poursuivre leur but premier : <strong>\u00eatre port\u00e9s.<\/strong><\/p><p>Embrassant une volont\u00e9 d\u2019intemporalit\u00e9, Kolm\u00e9 mise sur un <em>design minimaliste, sophistiqu\u00e9 et fonctionnel.<\/em><\/p><p>Nous r\u00e9cup\u00e9rons aussi bien des uniformes abim\u00e9s qu\u2019en bon \u00e9tat. Nous les d\u00e9montons, et adaptons nos cr\u00e9ations en fonction de la quantit\u00e9 de tissu disponible, dans un souci d\u2019optimisation maximale. Notre but est de <strong>penser nos cr\u00e9ations en r\u00e9utilisant l\u2019int\u00e9gralit\u00e9 de la mati\u00e8re premi\u00e8re r\u00e9cup\u00e9r\u00e9e.<\/strong><\/p><p>Apr\u00e8s passage dans notre atelier, le v\u00eatement adopte une nouvelle identit\u00e9. Cette technique demande de la <em>cr\u00e9ativit\u00e9<\/em>, une grande <em>finesse<\/em> et un travail de <em>minutie incomparable.<\/em><\/p><p>Nos couturiers apportent un soin particulier aux v\u00eatements, pour <em>les pr\u00e9server, les r\u00e9parer et les transformer,<\/em> tout en gardant leur identit\u00e9 et d\u00e9tails d\u2019origine.<br \/>Notre production est <strong>r\u00e9alis\u00e9e \u00e0 la main<\/strong> dans notre atelier parisien, et ce en petite quantit\u00e9.<\/p><p><a href=\"https:\/\/kolme.paris\/en\/shop-kolme-paris\/\"><strong><span style=\"text-decoration: underline;\"><em>\u201cd\u00e9couvrez notre collection\u201d<\/em><\/span><\/strong><\/a><\/p><p><em>Vous \u00eates une entreprise et vous souhaitez vous engagez dans une \u00e9conomie circulaire ? Nous vous aidons a upcycler vos uniformes. Pour plus d\u2019informations, contactez nous<\/em> <a href=\"https:\/\/kolme.paris\/en\/contact\/\"><span style=\"text-decoration: underline;\"><em><strong>ici.<\/strong><\/em><\/span><\/a><\/p>\t\t\t\t\t\t\t\t<\/div>\n\t\t\t\t<\/div>\n\t\t\t\t<\/div>\n\t\t\t\t\t<\/div>\n\t\t\t\t<\/div>\n\t\t\t\t<\/div>","protected":false},"excerpt":{"rendered":"<p>Kolm\u00e9 est l\u2019interm\u00e9diaire entre le pass\u00e9 et le futur du v\u00eatement. Nous construisons une mode novatrice o\u00f9 l\u2019humain et l\u2019environnement peuvent cohabiter, en utilisant des techniques \u00e0 la fois innovantes et artisanales. Toutes nos cr\u00e9ations sont confectionn\u00e9es \u00e0 la main, \u00e0 partir d\u2019uniformes d\u00e9fectueux. Nous les transformons int\u00e9gralement pour qu\u2019ils puissent poursuivre leur but premier [&hellip;]<\/p>","protected":false},"author":1,"featured_media":0,"parent":0,"menu_order":0,"comment_status":"closed","ping_status":"closed","template":"elementor_theme","meta":{"site-sidebar-layout":"no-sidebar","site-content-layout":"page-builder","ast-site-content-layout":"full-width-container","site-content-style":"unboxed","site-sidebar-style":"unboxed","ast-global-header-display":"","ast-banner-title-visibility":"","ast-main-header-display":"","ast-hfb-above-header-display":"","ast-hfb-below-header-display":"","ast-hfb-mobile-header-display":"","site-post-title":"disabled","ast-breadcrumbs-content":"","ast-featured-img":"disabled","footer-sml-layout":"","theme-transparent-header-meta":"default","adv-header-id-meta":"","stick-header-meta":"","header-above-stick-meta":"","header-main-stick-meta":"","header-below-stick-meta":"","astra-migrate-meta-layouts":"set","ast-page-background-enabled":"default","ast-page-background-meta":{"desktop":{"background-color":"","background-image":"","background-repeat":"repeat","background-position":"center center","background-size":"auto","background-attachment":"scroll","background-type":"","background-media":"","overlay-type":"","overlay-color":"","overlay-opacity":"","overlay-gradient":""},"tablet":{"background-color":"","background-image":"","background-repeat":"repeat","background-position":"center center","background-size":"auto","background-attachment":"scroll","background-type":"","background-media":"","overlay-type":"","overlay-color":"","overlay-opacity":"","overlay-gradient":""},"mobile":{"background-color":"","background-image":"","background-repeat":"repeat","background-position":"center center","background-size":"auto","background-attachment":"scroll","background-type":"","background-media":"","overlay-type":"","overlay-color":"","overlay-opacity":"","overlay-gradient":""}},"ast-content-background-meta":{"desktop":{"background-color":"var(--ast-global-color-5)","background-image":"","background-repeat":"repeat","background-position":"center center","background-size":"auto","background-attachment":"scroll","background-type":"","background-media":"","overlay-type":"","overlay-color":"","overlay-opacity":"","overlay-gradient":""},"tablet":{"background-color":"var(--ast-global-color-5)","background-image":"","background-repeat":"repeat","background-position":"center center","background-size":"auto","background-attachment":"scroll","background-type":"","background-media":"","overlay-type":"","overlay-color":"","overlay-opacity":"","overlay-gradient":""},"mobile":{"background-color":"var(--ast-global-color-5)","background-image":"","background-repeat":"repeat","background-position":"center center","background-size":"auto","background-attachment":"scroll","background-type":"","background-media":"","overlay-type":"","overlay-color":"","overlay-opacity":"","overlay-gradient":""}},"footnotes":""},"class_list":["post-2993","page","type-page","status-publish","hentry"],"yoast_head":"<!-- This site is optimized with the Yoast SEO plugin v22.1 - https:\/\/yoast.com\/wordpress\/plugins\/seo\/ -->\n<title>A PROPOS<\/title>\n<meta name=\"description\" content=\"Marque de mode upcycl\u00e9s parisienne, nous transformons des v\u00eatements non utilis\u00e9es en pi\u00e8ces de mode unique.\" \/>\n<meta name=\"robots\" content=\"index, follow, max-snippet:-1, max-image-preview:large, max-video-preview:-1\" \/>\n<link rel=\"canonical\" href=\"https:\/\/kolme.paris\/en\/a-propos\/\" \/>\n<meta property=\"og:locale\" content=\"en_US\" \/>\n<meta property=\"og:type\" content=\"article\" \/>\n<meta property=\"og:title\" content=\"A PROPOS\" \/>\n<meta property=\"og:description\" content=\"Marque de mode upcycl\u00e9s parisienne, nous transformons des v\u00eatements non utilis\u00e9es en pi\u00e8ces de mode unique.\" \/>\n<meta property=\"og:url\" content=\"https:\/\/kolme.paris\/en\/a-propos\/\" \/>\n<meta property=\"article:modified_time\" content=\"2025-03-04T13:46:46+00:00\" \/>\n<meta property=\"og:image\" content=\"https:\/\/kolme.paris\/wp-content\/uploads\/2021\/04\/Fichier-2kolme-LOGO-scaled.png\" \/>\n\t<meta property=\"og:image:width\" content=\"2560\" \/>\n\t<meta property=\"og:image:height\" content=\"571\" \/>\n\t<meta property=\"og:image:type\" content=\"image\/png\" \/>\n<meta name=\"twitter:card\" content=\"summary_large_image\" \/>\n<meta name=\"twitter:label1\" content=\"Est. reading time\" \/>\n\t<meta name=\"twitter:data1\" content=\"2 minutes\" \/>\n<script type=\"application\/ld+json\" class=\"yoast-schema-graph\">{\"@context\":\"https:\/\/schema.org\",\"@graph\":[{\"@type\":\"WebPage\",\"@id\":\"https:\/\/kolme.paris\/a-propos\/\",\"url\":\"https:\/\/kolme.paris\/a-propos\/\",\"name\":\"A PROPOS\",\"isPartOf\":{\"@id\":\"https:\/\/kolme.paris\/#website\"},\"datePublished\":\"2023-07-08T10:12:59+00:00\",\"dateModified\":\"2025-03-04T13:46:46+00:00\",\"description\":\"Marque de mode upcycl\u00e9s parisienne, nous transformons des v\u00eatements non utilis\u00e9es en pi\u00e8ces de mode unique.\",\"breadcrumb\":{\"@id\":\"https:\/\/kolme.paris\/a-propos\/#breadcrumb\"},\"inLanguage\":\"en-US\",\"potentialAction\":[{\"@type\":\"ReadAction\",\"target\":[\"https:\/\/kolme.paris\/a-propos\/\"]}]},{\"@type\":\"BreadcrumbList\",\"@id\":\"https:\/\/kolme.paris\/a-propos\/#breadcrumb\",\"itemListElement\":[{\"@type\":\"ListItem\",\"position\":1,\"name\":\"Accueil\",\"item\":\"https:\/\/kolme.paris\/\"},{\"@type\":\"ListItem\",\"position\":2,\"name\":\"A PROPOS\"}]},{\"@type\":\"WebSite\",\"@id\":\"https:\/\/kolme.paris\/#website\",\"url\":\"https:\/\/kolme.paris\/\",\"name\":\"Kolm\u00e9\",\"description\":\"\",\"publisher\":{\"@id\":\"https:\/\/kolme.paris\/#organization\"},\"alternateName\":\"Kolm\u00e9\",\"potentialAction\":[{\"@type\":\"SearchAction\",\"target\":{\"@type\":\"EntryPoint\",\"urlTemplate\":\"https:\/\/kolme.paris\/?s={search_term_string}\"},\"query-input\":\"required name=search_term_string\"}],\"inLanguage\":\"en-US\"},{\"@type\":\"Organization\",\"@id\":\"https:\/\/kolme.paris\/#organization\",\"name\":\"Kolm\u00e9\",\"alternateName\":\"Kolm\u00e9\",\"url\":\"https:\/\/kolme.paris\/\",\"logo\":{\"@type\":\"ImageObject\",\"inLanguage\":\"en-US\",\"@id\":\"https:\/\/kolme.paris\/#\/schema\/logo\/image\/\",\"url\":\"https:\/\/kolme.paris\/wp-content\/uploads\/2021\/04\/Fichier-2kolme-LOGO-scaled.png\",\"contentUrl\":\"https:\/\/kolme.paris\/wp-content\/uploads\/2021\/04\/Fichier-2kolme-LOGO-scaled.png\",\"width\":2560,\"height\":571,\"caption\":\"Kolm\u00e9\"},\"image\":{\"@id\":\"https:\/\/kolme.paris\/#\/schema\/logo\/image\/\"},\"sameAs\":[\"https:\/\/www.instagram.com\/kolme.paris\/\",\"https:\/\/www.linkedin.com\/company\/kolm\u00e9\/\"]}]}<\/script>\n<!-- \/ Yoast SEO plugin. -->","yoast_head_json":{"title":"A PROPOS","description":"Marque de mode upcycl\u00e9s parisienne, nous transformons des v\u00eatements non utilis\u00e9es en pi\u00e8ces de mode unique.","robots":{"index":"index","follow":"follow","max-snippet":"max-snippet:-1","max-image-preview":"max-image-preview:large","max-video-preview":"max-video-preview:-1"},"canonical":"https:\/\/kolme.paris\/en\/a-propos\/","og_locale":"en_US","og_type":"article","og_title":"A PROPOS","og_description":"Marque de mode upcycl\u00e9s parisienne, nous transformons des v\u00eatements non utilis\u00e9es en pi\u00e8ces de mode unique.","og_url":"https:\/\/kolme.paris\/en\/a-propos\/","article_modified_time":"2025-03-04T13:46:46+00:00","og_image":[{"width":2560,"height":571,"url":"https:\/\/kolme.paris\/wp-content\/uploads\/2021\/04\/Fichier-2kolme-LOGO-scaled.png","type":"image\/png"}],"twitter_card":"summary_large_image","twitter_misc":{"Est. reading time":"2 minutes"},"schema":{"@context":"https:\/\/schema.org","@graph":[{"@type":"WebPage","@id":"https:\/\/kolme.paris\/a-propos\/","url":"https:\/\/kolme.paris\/a-propos\/","name":"A PROPOS","isPartOf":{"@id":"https:\/\/kolme.paris\/#website"},"datePublished":"2023-07-08T10:12:59+00:00","dateModified":"2025-03-04T13:46:46+00:00","description":"Marque de mode upcycl\u00e9s parisienne, nous transformons des v\u00eatements non utilis\u00e9es en pi\u00e8ces de mode unique.","breadcrumb":{"@id":"https:\/\/kolme.paris\/a-propos\/#breadcrumb"},"inLanguage":"en-US","potentialAction":[{"@type":"ReadAction","target":["https:\/\/kolme.paris\/a-propos\/"]}]},{"@type":"BreadcrumbList","@id":"https:\/\/kolme.paris\/a-propos\/#breadcrumb","itemListElement":[{"@type":"ListItem","position":1,"name":"Accueil","item":"https:\/\/kolme.paris\/"},{"@type":"ListItem","position":2,"name":"A PROPOS"}]},{"@type":"WebSite","@id":"https:\/\/kolme.paris\/#website","url":"https:\/\/kolme.paris\/","name":"Kolm\u00e9","description":"","publisher":{"@id":"https:\/\/kolme.paris\/#organization"},"alternateName":"Kolm\u00e9","potentialAction":[{"@type":"SearchAction","target":{"@type":"EntryPoint","urlTemplate":"https:\/\/kolme.paris\/?s={search_term_string}"},"query-input":"required name=search_term_string"}],"inLanguage":"en-US"},{"@type":"Organization","@id":"https:\/\/kolme.paris\/#organization","name":"Kolm\u00e9","alternateName":"Kolm\u00e9","url":"https:\/\/kolme.paris\/","logo":{"@type":"ImageObject","inLanguage":"en-US","@id":"https:\/\/kolme.paris\/#\/schema\/logo\/image\/","url":"https:\/\/kolme.paris\/wp-content\/uploads\/2021\/04\/Fichier-2kolme-LOGO-scaled.png","contentUrl":"https:\/\/kolme.paris\/wp-content\/uploads\/2021\/04\/Fichier-2kolme-LOGO-scaled.png","width":2560,"height":571,"caption":"Kolm\u00e9"},"image":{"@id":"https:\/\/kolme.paris\/#\/schema\/logo\/image\/"},"sameAs":["https:\/\/www.instagram.com\/kolme.paris\/","https:\/\/www.linkedin.com\/company\/kolm\u00e9\/"]}]}},"jetpack_sharing_enabled":true,"_links":{"self":[{"href":"https:\/\/kolme.paris\/en\/wp-json\/wp\/v2\/pages\/2993","targetHints":{"allow":["GET"]}}],"collection":[{"href":"https:\/\/kolme.paris\/en\/wp-json\/wp\/v2\/pages"}],"about":[{"href":"https:\/\/kolme.paris\/en\/wp-json\/wp\/v2\/types\/page"}],"author":[{"embeddable":true,"href":"https:\/\/kolme.paris\/en\/wp-json\/wp\/v2\/users\/1"}],"replies":[{"embeddable":true,"href":"https:\/\/kolme.paris\/en\/wp-json\/wp\/v2\/comments?post=2993"}],"version-history":[{"count":129,"href":"https:\/\/kolme.paris\/en\/wp-json\/wp\/v2\/pages\/2993\/revisions"}],"predecessor-version":[{"id":5404,"href":"https:\/\/kolme.paris\/en\/wp-json\/wp\/v2\/pages\/2993\/revisions\/5404"}],"wp:attachment":[{"href":"https:\/\/kolme.paris\/en\/wp-json\/wp\/v2\/media?parent=2993"}],"curies":[{"name":"wp","href":"https:\/\/api.w.org\/{rel}","templated":true}]}}