{"id":24,"date":"2021-04-12T15:38:25","date_gmt":"2021-04-12T15:38:25","guid":{"rendered":"http:\/\/www.kolme-upcycling.com\/panier\/"},"modified":"2026-02-24T16:07:32","modified_gmt":"2026-02-24T15:07:32","slug":"panier","status":"publish","type":"page","link":"https:\/\/kolme.paris\/en\/panier\/","title":{"rendered":"Shopping cart"},"content":{"rendered":"<div data-elementor-type=\"wp-page\" data-elementor-id=\"24\" class=\"elementor elementor-24\" data-elementor-post-type=\"page\">\n\t\t\t\t<div class=\"elementor-element elementor-element-8a3a99d e-flex e-con-boxed e-con e-parent\" data-id=\"8a3a99d\" data-element_type=\"container\">\n\t\t\t\t\t<div class=\"e-con-inner\">\n\t\t\t\t<div class=\"elementor-element elementor-element-61f7ffe elementor-widget elementor-widget-spacer\" data-id=\"61f7ffe\" data-element_type=\"widget\" data-widget_type=\"spacer.default\">\n\t\t\t\t<div class=\"elementor-widget-container\">\n\t\t\t\t\t\t\t<div class=\"elementor-spacer\">\n\t\t\t<div class=\"elementor-spacer-inner\"><\/div>\n\t\t<\/div>\n\t\t\t\t\t\t<\/div>\n\t\t\t\t<\/div>\n\t\t\t\t\t<\/div>\n\t\t\t\t<\/div>\n\t\t\t\t<\/div>","protected":false},"excerpt":{"rendered":"<p>Supprimer l\u2019\u00e9l\u00e9ment Miniature Produit Prix Quantit\u00e9 Sous-total Kol Neck Wrap Moss 49,00&euro; quantit\u00e9 de Kol Neck Wrap Moss 147,00&euro; Kol Neck Wrap Cloudy taille: 1 49,00&euro; quantit\u00e9 de Kol Neck Wrap Cloudy &#8211; 1, O 49,00&euro; Appliquer le code promo R\u00e9capitulatif du panier Sous-total 196,00&euro; Exp\u00e9dition Mondial Relay: 6,50&euro; Point relais le plus proche\u00a0: BUDO [&hellip;]<\/p>","protected":false},"author":1,"featured_media":0,"parent":0,"menu_order":0,"comment_status":"closed","ping_status":"closed","template":"elementor_theme","meta":{"site-sidebar-layout":"default","site-content-layout":"","ast-site-content-layout":"default","site-content-style":"default","site-sidebar-style":"default","ast-global-header-display":"","ast-banner-title-visibility":"","ast-main-header-display":"","ast-hfb-above-header-display":"","ast-hfb-below-header-display":"","ast-hfb-mobile-header-display":"","site-post-title":"","ast-breadcrumbs-content":"","ast-featured-img":"","footer-sml-layout":"","theme-transparent-header-meta":"default","adv-header-id-meta":"","stick-header-meta":"","header-above-stick-meta":"","header-main-stick-meta":"","header-below-stick-meta":"","astra-migrate-meta-layouts":"set","ast-page-background-enabled":"default","ast-page-background-meta":{"desktop":{"background-color":"","background-image":"","background-repeat":"repeat","background-position":"center center","background-size":"auto","background-attachment":"scroll","background-type":"","background-media":"","overlay-type":"","overlay-color":"","overlay-opacity":"","overlay-gradient":""},"tablet":{"background-color":"","background-image":"","background-repeat":"repeat","background-position":"center center","background-size":"auto","background-attachment":"scroll","background-type":"","background-media":"","overlay-type":"","overlay-color":"","overlay-opacity":"","overlay-gradient":""},"mobile":{"background-color":"","background-image":"","background-repeat":"repeat","background-position":"center center","background-size":"auto","background-attachment":"scroll","background-type":"","background-media":"","overlay-type":"","overlay-color":"","overlay-opacity":"","overlay-gradient":""}},"ast-content-background-meta":{"desktop":{"background-color":"var(--ast-global-color-5)","background-image":"","background-repeat":"repeat","background-position":"center center","background-size":"auto","background-attachment":"scroll","background-type":"","background-media":"","overlay-type":"","overlay-color":"","overlay-opacity":"","overlay-gradient":""},"tablet":{"background-color":"var(--ast-global-color-5)","background-image":"","background-repeat":"repeat","background-position":"center center","background-size":"auto","background-attachment":"scroll","background-type":"","background-media":"","overlay-type":"","overlay-color":"","overlay-opacity":"","overlay-gradient":""},"mobile":{"background-color":"var(--ast-global-color-5)","background-image":"","background-repeat":"repeat","background-position":"center center","background-size":"auto","background-attachment":"scroll","background-type":"","background-media":"","overlay-type":"","overlay-color":"","overlay-opacity":"","overlay-gradient":""}},"footnotes":""},"class_list":["post-24","page","type-page","status-publish","hentry"],"yoast_head":"<!-- This site is optimized with the Yoast SEO plugin v22.1 - https:\/\/yoast.com\/wordpress\/plugins\/seo\/ -->\n<title>Panier<\/title>\n<meta name=\"description\" content=\"Marque de mode upcycl\u00e9s parisienne, nous transformons des v\u00eatements non utilis\u00e9es en pi\u00e8ces de mode unique.\" \/>\n<meta name=\"robots\" content=\"index, follow, max-snippet:-1, max-image-preview:large, max-video-preview:-1\" \/>\n<link rel=\"canonical\" href=\"https:\/\/kolme.paris\/en\/panier\/\" \/>\n<meta property=\"og:locale\" content=\"en_US\" \/>\n<meta property=\"og:type\" content=\"article\" \/>\n<meta property=\"og:title\" content=\"Panier\" \/>\n<meta property=\"og:description\" content=\"Marque de mode upcycl\u00e9s parisienne, nous transformons des v\u00eatements non utilis\u00e9es en pi\u00e8ces de mode unique.\" \/>\n<meta property=\"og:url\" content=\"https:\/\/kolme.paris\/en\/panier\/\" \/>\n<meta property=\"article:modified_time\" content=\"2026-02-24T15:07:32+00:00\" \/>\n<meta property=\"og:image\" content=\"https:\/\/kolme.paris\/wp-content\/uploads\/2025\/11\/TR8A7786.jpg\" \/>\n<meta name=\"twitter:card\" content=\"summary_large_image\" \/>\n<meta name=\"twitter:label1\" content=\"Est. reading time\" \/>\n\t<meta name=\"twitter:data1\" content=\"1 minute\" \/>\n<script type=\"application\/ld+json\" class=\"yoast-schema-graph\">{\"@context\":\"https:\/\/schema.org\",\"@graph\":[{\"@type\":\"WebPage\",\"@id\":\"https:\/\/kolme.paris\/panier\/\",\"url\":\"https:\/\/kolme.paris\/panier\/\",\"name\":\"Panier\",\"isPartOf\":{\"@id\":\"https:\/\/kolme.paris\/#website\"},\"datePublished\":\"2021-04-12T15:38:25+00:00\",\"dateModified\":\"2026-02-24T15:07:32+00:00\",\"description\":\"Marque de mode upcycl\u00e9s parisienne, nous transformons des v\u00eatements non utilis\u00e9es en pi\u00e8ces de mode unique.\",\"breadcrumb\":{\"@id\":\"https:\/\/kolme.paris\/panier\/#breadcrumb\"},\"inLanguage\":\"en-US\",\"potentialAction\":[{\"@type\":\"ReadAction\",\"target\":[\"https:\/\/kolme.paris\/panier\/\"]}]},{\"@type\":\"BreadcrumbList\",\"@id\":\"https:\/\/kolme.paris\/panier\/#breadcrumb\",\"itemListElement\":[{\"@type\":\"ListItem\",\"position\":1,\"name\":\"Accueil\",\"item\":\"https:\/\/kolme.paris\/\"},{\"@type\":\"ListItem\",\"position\":2,\"name\":\"Panier\"}]},{\"@type\":\"WebSite\",\"@id\":\"https:\/\/kolme.paris\/#website\",\"url\":\"https:\/\/kolme.paris\/\",\"name\":\"Kolm\u00e9\",\"description\":\"\",\"publisher\":{\"@id\":\"https:\/\/kolme.paris\/#organization\"},\"alternateName\":\"Kolm\u00e9\",\"potentialAction\":[{\"@type\":\"SearchAction\",\"target\":{\"@type\":\"EntryPoint\",\"urlTemplate\":\"https:\/\/kolme.paris\/?s={search_term_string}\"},\"query-input\":\"required name=search_term_string\"}],\"inLanguage\":\"en-US\"},{\"@type\":\"Organization\",\"@id\":\"https:\/\/kolme.paris\/#organization\",\"name\":\"Kolm\u00e9\",\"alternateName\":\"Kolm\u00e9\",\"url\":\"https:\/\/kolme.paris\/\",\"logo\":{\"@type\":\"ImageObject\",\"inLanguage\":\"en-US\",\"@id\":\"https:\/\/kolme.paris\/#\/schema\/logo\/image\/\",\"url\":\"https:\/\/kolme.paris\/wp-content\/uploads\/2021\/04\/Fichier-2kolme-LOGO-scaled.png\",\"contentUrl\":\"https:\/\/kolme.paris\/wp-content\/uploads\/2021\/04\/Fichier-2kolme-LOGO-scaled.png\",\"width\":2560,\"height\":571,\"caption\":\"Kolm\u00e9\"},\"image\":{\"@id\":\"https:\/\/kolme.paris\/#\/schema\/logo\/image\/\"},\"sameAs\":[\"https:\/\/www.instagram.com\/kolme.paris\/\",\"https:\/\/www.linkedin.com\/company\/kolm\u00e9\/\"]}]}<\/script>\n<!-- \/ Yoast SEO plugin. -->","yoast_head_json":{"title":"Panier","description":"Marque de mode upcycl\u00e9s parisienne, nous transformons des v\u00eatements non utilis\u00e9es en pi\u00e8ces de mode unique.","robots":{"index":"index","follow":"follow","max-snippet":"max-snippet:-1","max-image-preview":"max-image-preview:large","max-video-preview":"max-video-preview:-1"},"canonical":"https:\/\/kolme.paris\/en\/panier\/","og_locale":"en_US","og_type":"article","og_title":"Panier","og_description":"Marque de mode upcycl\u00e9s parisienne, nous transformons des v\u00eatements non utilis\u00e9es en pi\u00e8ces de mode unique.","og_url":"https:\/\/kolme.paris\/en\/panier\/","article_modified_time":"2026-02-24T15:07:32+00:00","og_image":[{"url":"https:\/\/kolme.paris\/wp-content\/uploads\/2025\/11\/TR8A7786.jpg"}],"twitter_card":"summary_large_image","twitter_misc":{"Est. reading time":"1 minute"},"schema":{"@context":"https:\/\/schema.org","@graph":[{"@type":"WebPage","@id":"https:\/\/kolme.paris\/panier\/","url":"https:\/\/kolme.paris\/panier\/","name":"Panier","isPartOf":{"@id":"https:\/\/kolme.paris\/#website"},"datePublished":"2021-04-12T15:38:25+00:00","dateModified":"2026-02-24T15:07:32+00:00","description":"Marque de mode upcycl\u00e9s parisienne, nous transformons des v\u00eatements non utilis\u00e9es en pi\u00e8ces de mode unique.","breadcrumb":{"@id":"https:\/\/kolme.paris\/panier\/#breadcrumb"},"inLanguage":"en-US","potentialAction":[{"@type":"ReadAction","target":["https:\/\/kolme.paris\/panier\/"]}]},{"@type":"BreadcrumbList","@id":"https:\/\/kolme.paris\/panier\/#breadcrumb","itemListElement":[{"@type":"ListItem","position":1,"name":"Accueil","item":"https:\/\/kolme.paris\/"},{"@type":"ListItem","position":2,"name":"Panier"}]},{"@type":"WebSite","@id":"https:\/\/kolme.paris\/#website","url":"https:\/\/kolme.paris\/","name":"Kolm\u00e9","description":"","publisher":{"@id":"https:\/\/kolme.paris\/#organization"},"alternateName":"Kolm\u00e9","potentialAction":[{"@type":"SearchAction","target":{"@type":"EntryPoint","urlTemplate":"https:\/\/kolme.paris\/?s={search_term_string}"},"query-input":"required name=search_term_string"}],"inLanguage":"en-US"},{"@type":"Organization","@id":"https:\/\/kolme.paris\/#organization","name":"Kolm\u00e9","alternateName":"Kolm\u00e9","url":"https:\/\/kolme.paris\/","logo":{"@type":"ImageObject","inLanguage":"en-US","@id":"https:\/\/kolme.paris\/#\/schema\/logo\/image\/","url":"https:\/\/kolme.paris\/wp-content\/uploads\/2021\/04\/Fichier-2kolme-LOGO-scaled.png","contentUrl":"https:\/\/kolme.paris\/wp-content\/uploads\/2021\/04\/Fichier-2kolme-LOGO-scaled.png","width":2560,"height":571,"caption":"Kolm\u00e9"},"image":{"@id":"https:\/\/kolme.paris\/#\/schema\/logo\/image\/"},"sameAs":["https:\/\/www.instagram.com\/kolme.paris\/","https:\/\/www.linkedin.com\/company\/kolm\u00e9\/"]}]}},"jetpack_sharing_enabled":true,"_links":{"self":[{"href":"https:\/\/kolme.paris\/en\/wp-json\/wp\/v2\/pages\/24","targetHints":{"allow":["GET"]}}],"collection":[{"href":"https:\/\/kolme.paris\/en\/wp-json\/wp\/v2\/pages"}],"about":[{"href":"https:\/\/kolme.paris\/en\/wp-json\/wp\/v2\/types\/page"}],"author":[{"embeddable":true,"href":"https:\/\/kolme.paris\/en\/wp-json\/wp\/v2\/users\/1"}],"replies":[{"embeddable":true,"href":"https:\/\/kolme.paris\/en\/wp-json\/wp\/v2\/comments?post=24"}],"version-history":[{"count":163,"href":"https:\/\/kolme.paris\/en\/wp-json\/wp\/v2\/pages\/24\/revisions"}],"predecessor-version":[{"id":5447,"href":"https:\/\/kolme.paris\/en\/wp-json\/wp\/v2\/pages\/24\/revisions\/5447"}],"wp:attachment":[{"href":"https:\/\/kolme.paris\/en\/wp-json\/wp\/v2\/media?parent=24"}],"curies":[{"name":"wp","href":"https:\/\/api.w.org\/{rel}","templated":true}]}}